{"id":508,"date":"2021-09-03T14:26:04","date_gmt":"2021-09-03T17:26:04","guid":{"rendered":"https:\/\/www.encontrapetrolina.com.br\/noticias\/?page_id=508"},"modified":"2022-09-09T10:31:01","modified_gmt":"2022-09-09T13:31:01","slug":"sobre","status":"publish","type":"page","link":"https:\/\/www.encontrapetrolina.com.br\/sobre\/","title":{"rendered":"Sobre Petrolina"},"content":{"rendered":"\n<h2>Limites &#8211; Cidades Vizinhas<\/h2>\n<p><a href=\"https:\/\/www.encontrajuazeiro.com.br\/\" target=\"_blank\" rel=\"noopener\">Juazeiro<\/a>, Sobradinho, Casa Nova (BA), Lagoa Grande e Afr\u00e2nio e Dormentes (PE).<\/p>\n<h3>Dados Principais sobre Petrolina<\/h3>\n<div style=\"display: flex; flex-wrap: wrap;\">\n<div style=\"display: block;\"><span class=\"style6\"><strong>Anivers\u00e1rio<\/strong>:<\/span> 21 de Setembro<br \/>\n<span class=\"style6\"><strong>Funda\u00e7\u00e3o<\/strong> :<\/span> 1870<br \/>\n<span class=\"style6\"><strong>Gent\u00edlico<\/strong>:<\/span> Petrolinense<br \/>\n<span class=\"style6\"><strong>\u00c1rea<\/strong>:<\/span> 4 558,537 Km\u00b2<br \/>\n<strong><span class=\"style6\">Popula\u00e7\u00e3o<\/span> <\/strong>299 751 hab. (2011)<br \/>\n<strong><span class=\"style6\">IDH<\/span> <\/strong>0,747 &#8211; m\u00e9dio<br \/>\n<a href=\"https:\/\/www.prefeituradepelotas.org\/\" style=\"color:currentColor;\" target=\"_blank\" rel=\"noopener\"><strong><span class=\"style6\">Prefeitura <\/span><\/strong>Petrolina<\/a><\/div>\n<div style=\"display: flex; flex-wrap: wrap; align-items: baseline;\">\n<div style=\"margin-left: 20px;\"><img loading=\"lazy\" decoding=\"async\" class=\"alignnone size-full wp-image-513\" src=\"https:\/\/www.encontrapetrolina.com.br\/noticias\/wp-content\/uploads\/brasao-de-petrolina.jpg\" alt=\"\" width=\"104\" height=\"119\" \/><br \/>\nBras\u00e3o de Petrolina<\/div>\n<div style=\"margin-left: 20px;\"><img loading=\"lazy\" decoding=\"async\" class=\"alignnone size-full wp-image-514\" src=\"https:\/\/www.encontrapetrolina.com.br\/noticias\/wp-content\/uploads\/bandeira-de-petrolina.jpg\" alt=\"\" width=\"145\" height=\"93\" \/><br \/>\nBandeira de Petrolina<\/div>\n<\/div>\n<\/div>\n<h2>Mapa de Petrolina<\/h2>\n<p><iframe loading=\"lazy\" src=\"https:\/\/maps.google.com.br\/maps?f=q&amp;source=s_q&amp;hl=pt-BR&amp;geocode=&amp;q=petrolina+pe&amp;aq=&amp;sll=-9.400291,-40.505905&amp;sspn=0.103985,0.114498&amp;ie=UTF8&amp;hq=&amp;hnear=Petrolina+-+Pernambuco&amp;t=m&amp;ll=-9.381492,-40.515862&amp;spn=0.059278,0.095615&amp;z=13&amp;iwloc=A&amp;output=embed\" width=\"100%\" height=\"250px\" frameborder=\"0\" marginwidth=\"0\" marginheight=\"0\" scrolling=\"no\"><\/iframe><\/p>\n<h2>Hist\u00f3ria de Petrolina<\/h2>\n<p><img decoding=\"async\" class=\"alignnone size-medium wp-image-509\" src=\"https:\/\/www.encontrapetrolina.com.br\/noticias\/wp-content\/uploads\/cidade-de-petrolina-300x105.jpg\" alt=\"\" width=\"100%\" height=\"auto\" srcset=\"https:\/\/www.encontrapetrolina.com.br\/sobre\/wp-content\/uploads\/cidade-de-petrolina-300x105.jpg 300w, https:\/\/www.encontrapetrolina.com.br\/sobre\/wp-content\/uploads\/cidade-de-petrolina.jpg 565w\" sizes=\"(max-width: 300px) 100vw, 300px\" \/><\/p>\n<p><strong>Petrolina<\/strong> \u00e9 uma cidade brasileira do estado de Pernambuco. Em conjunto com o vizinho munic\u00edpio de Juazeiro, na Bahia, forma o maior aglomerado urbano do semi\u00e1rido. Tem a segunda maior popula\u00e7\u00e3o e o maior PIB do interior de Pernambuco.<\/p>\n<p>Banhado pelo rio S\u00e3o Francisco, integra, em conjunto com os munic\u00edpios de Lagoa Grande, Santa Maria da Boa Vista, Oroc\u00f3, e Cabrob\u00f3, estes localizados em Pernambuco, e os munic\u00edpios baianos de Juazeiro, Casa Nova, Cura\u00e7\u00e1 e Sobradinho, a Regi\u00e3o Administrativa Integrada de Desenvolvimento do Polo<br \/>\nPetrolina e Juazeiro, maior exportador de frutas e segundo maior p\u00f3lo vitivinicultor do Brasil.<\/p>\n<p>Localizada a 730 km da capital pernambucana, Recife, Petrolina possui a 6\u00aa maior economia do estado, com um PIB que ultrapassa R$ 2,2 bilh\u00f5es, representando 3,37% da riqueza pernambucana (2008). Nesse ano, seu PIB ultrapassou o de Caruaru, saindo da 7\u00aa para a 6\u00aa posi\u00e7\u00e3o no ranking estadual. Dessa<br \/>\nforma, Petrolina passou a ser o munic\u00edpio mais rico de Pernambuco fora da Regi\u00e3o Metropolitana de Recife.<\/p>\n<p>A <a href=\"https:\/\/www.encontrapetrolina.com.br\/\">cidade de Petrolina<\/a> vem obtendo um forte crescimento econ\u00f4mico e de contingente populacional. Segundo o IBGE, a cidade atingiu 294.081 habitantes em 2010 e registrou um crescimento real de 34,56% no per\u00edodo de 2000 a 2010, sendo, tanto pela<br \/>\neconomia quanto pela popula\u00e7\u00e3o, a principal cidade da RIDE S\u00e3o Francisco.<\/p>\n<p>A revista Veja apontou Petrolina como uma das 20 cidades brasileiras do futuro na edi\u00e7\u00e3o do dia 28 de Agosto de 2010. Com o melhor \u00edndice de saneamento b\u00e1sico do Nordeste, Petrolina conta com 95% de coleta de esgoto e 100% de tratamento do que \u00e9 coletado.<\/p>\n<p>Petrolina foi reconhecida como a maior rede hoteleira da regi\u00e3o tur\u00edstica do sert\u00e3o do S\u00e3o Francisco e do Paje\u00fa, contando com 2.115 leitos, distribu\u00eddos em 24 hot\u00e9is; diversos restaurantes, bares, centros comerciais, hospitais, Universidades e cursos de Turismo em n\u00edveis t\u00e9cnico e superior, segundo<br \/>\num estudo de competitividade, realizado pelo Minist\u00e9rio do Turismo, Funda\u00e7\u00e3o Get\u00falio Vargas e o Sebrae Nacional.<\/p>\n<p>Administrativamente, o munic\u00edpio \u00e9 composto pelos distritos Sede, Curral Queimado, Rajada e pelos povoados de Crist\u00e1lia, Nova Descoberta, Tapera, Izacol\u00e2ndia, Pedrinhas, Uruas, Lagoa dos Carneiros, Caatinguinha, Caitit\u00fa, Cruz de Salinas, Pau Ferro, Atalho, Cai\u00e7ara, Barreto, Lagoa dos Cavalos,<br \/>\nBarreiro, Varzinha, Lagoa da Pedra, Lajedo, Jatob\u00e1, Amargoza, Aranzel e Angico Alto (S\u00edtio dos Moreira).<\/p>\n<p>Era uma passagem de Juazeiro, onde pelo caminho das \u00e1guas, o capuchinho italiano frei Henrique realizava pr\u00e9dicas mission\u00e1rias, provavelmente por todas as povoa\u00e7\u00f5es ribeirinhas, inclusive, pelas ilhas: do Pontal, do Jatob\u00e1, do Fogo e do Massangano, entre outras banhadas pelo rio S\u00e3o Francisco, no<br \/>\ntrecho compreendido entre a &#8220;Villa de Corip\u00f3s&#8221; e a &#8220;Passagem&#8221;, hoje munic\u00edpios de Santa Maria da Boa Vista e Petrolina.<\/p>\n<p>Em meados do s\u00e9culo XIX, por conta da dist\u00e2ncia e da exaustiva viagem frei Henrique lan\u00e7a a ideia da constru\u00e7\u00e3o de uma capela ao ent\u00e3o vig\u00e1rio de Corip\u00f3s, atualmente Santa Maria da Boa Vista. No ano de 1858, d\u00e1-se in\u00edcio a constru\u00e7\u00e3o de uma capela como marco do Cristianismo para os moradores da<br \/>\npequena povoa\u00e7\u00e3o da passagem localizada na margem esquerda do Rio S\u00e3o Francisco, cujo local tinha uma \u00e1rea coberta de rocha que posteriormente serviu na constru\u00e7\u00e3o da Igreja Catedral de Petrolina, conhecida como a &#8220;Pedra Grande&#8221;, considerado hoje o marco zero, atual Pra\u00e7a do Centen\u00e1rio.<\/p>\n<p>Em 1860, a capela foi aberta aos moradores parcialmente conclu\u00edda, faltando ainda uma torre, recebendo a atual imagem de Nossa Senhora Rainha dos Anjos. A imagem que teria vindo, apenas para a inaugura\u00e7\u00e3o, ficou definitivamente como padroeira do munic\u00edpio.<\/p>\n<p>Em 1862 a Capela de Santa Maria Rainha dos Anjos foi elevada \u00e0 condi\u00e7\u00e3o de Igreja Matriz ficando a povoa\u00e7\u00e3o &#8220;Passagem de Juazeiro&#8221;, elevada \u00e0 categoria de freguesia pela lei n\u00ba 530, de 7 de junho de 1862, atrav\u00e9s do empenho do tenente-coronel da Guarda Nacional Jos\u00e9 Crispiniano Rodrigues Coelho<br \/>\nBrand\u00e3o \u2013 presidente da vila de Petrolina at\u00e9 1875, recebendo a localidade a denomina\u00e7\u00e3o de Petrolina em homenagem ao Imperador D. Pedro II e sua esposa Maria Leopoldina, tendo a Freguesia a invoca\u00e7\u00e3o de Santa Maria Rainha dos Anjos; vila pela lei n\u00ba 921, de maio de 1870; Comarca pela lei n\u00ba 1.444,<br \/>\nde 8 de junho de 1879; munic\u00edpio em 25 de abril de 1893.<\/p>\n<p>A primeira pessoa a assumir a <a href=\"https:\/\/www.prefeituradepetrolina.org\/\" target=\"_blank\" rel=\"noopener\">prefeitura de Petrolina<\/a> foi o tenente-coronel Manoel Francisco Souza J\u00fanior, tendo como Sub-Prefeito o Sr. Febr\u00f4nio Martins de Souza. O referido Prefeito, iniciou seu mandato em 25 de<br \/>\nabril de 1893, um pol\u00edtico que entrou na hist\u00f3ria de Petrolina como seu maior interessado na Emancipa\u00e7\u00e3o Pol\u00edtica do Munic\u00edpio. \u00c0 28 de julho de 1895, atrav\u00e9s da Lei n\u00ba 130, a sede municipal foi elevada \u00e0 categoria de Cidade, instalada oficialmente em 21 de setembro do mesmo ano.Foi empossado o<br \/>\nsegundo Prefeito, Agostinho Albuquerque Cavalcanti.Estes Prefeitos como os que lhes sucederam, realizaram um pesado trabalho de organiza\u00e7\u00e3o e infra-estrutura do munic\u00edpio. Em 30 de novembro de 1923 instala-se a diocese, pela Bula Pontificada (Dominicis Gregis), sendo seu primeiro bispo D. Ant\u00f4nio<br \/>\nMaria Malan.<\/p>\n<h2>Economia<\/h2>\n<h3>Setor prim\u00e1rio &#8211; Agricultura<\/h3>\n<p>A regi\u00e3o de Petrolina, devido ao clima seco e a irriga\u00e7\u00e3o, tornou-se a segunda maior exportadora de frutas e o segundo maior centro vin\u00edcola do pa\u00eds. A aprecia\u00e7\u00e3o dos vinhos e frutas do Vale do S\u00e3o Francisco se d\u00e1 \u00e0 sua temperatura elevada quase o ano todo, que exp\u00f5e as frutas ao estresse cont\u00ednuo<br \/>\ne, assim, atribuindo gostos diferentes.<\/p>\n<p>Na lista dos melhores vinhos do Brasil \u2013 escolhidos em criteriosa avalia\u00e7\u00e3o de especialistas de v\u00e1rias partes do mundo, durante concurso internacional realizado em <a href=\"https:\/\/www.encontrapetrolina.com.br\/\">Petrolina<\/a>, em setembro de 2009 \u2013 o Vale do S\u00e3o Francisco marcou presen\u00e7a, tendo<br \/>\nalguns vinhos premiados. Pol\u00edticas de incentivo aplicadas nas \u00faltimas d\u00e9cadas tornaram a regi\u00e3o um celeiro de frutas tropicais, que s\u00e3o exportadas para as principais regi\u00f5es do pa\u00eds e tamb\u00e9m para a Am\u00e9rica do Norte, Europa e a \u00c1sia (particularmente o Jap\u00e3o). \u00c9 a terceira maior cidade agropecu\u00e1ria do<br \/>\nPa\u00eds.<\/p>\n<p>Petrolina foi a cidade brasileira que mais produziu frutas em 2010, com uma receita de US$ 619 milh\u00f5es, acr\u00e9scimo de 24,5% em rela\u00e7\u00e3o a 2009. O munic\u00edpio \u00e9 um dos principais produtores de uva, manga, acerola, banana e goiaba do Brasil.<\/p>\n<h3>Setor secund\u00e1rio &#8211; Ind\u00fastria<\/h3>\n<p>A atra\u00e7\u00e3o de novas ind\u00fastrias tem sido tentada nos \u00faltimos anos, com bons resultados, atrav\u00e9s da (AD-Diper), \u00f3rg\u00e3o do Governo de Pernambuco detentor de \u00e1reas para fins industriais no Distrito Ind\u00fastrial de Petrolina, a dinamiza\u00e7\u00e3o do setor agr\u00edcola no munic\u00edpio tem estimulado significativamente o<br \/>\nsetor industrial. Um dos sub-setores da ind\u00fastria que mais cresce \u00e9 o da agroind\u00fastria de alimentos, h\u00e1 v\u00e1rias agroindustrias implantadas entre pequenas, m\u00e9dias e grandes, destacando-se a agroind\u00fastria alimentar de sucos, polpas, e doces. Atualmente o Distrito Industrial de Petrolina se prepara para<br \/>\nreceber oito novas ind\u00fastrias, juntando-se as j\u00e1 existentes. Os ramos de atividades das ind\u00fastrias que adquiriram os lotes s\u00e3o: qu\u00edmica, \u00e1gua envasada, vidro e mec\u00e2nica.<\/p>\n<h3>Setor terci\u00e1rio &#8211; Com\u00e9rcio<\/h3>\n<p>O com\u00e9rcio de Petrolina \u00e9 diversificado e descentralizado. O centro da cidade se caracteriza por lojas de diferentes ramos. J\u00e1 nas principais avenidas que circundam a cidade pode-se encontrar principalmente o com\u00e9rcio de materiais de constru\u00e7\u00e3o, pe\u00e7as e servi\u00e7os para autom\u00f3veis. Os bairros contam<br \/>\ncom estruturas complexas de com\u00e9rcio. Petrolina \u00e9 cidade-tronco e seu com\u00e9rcio abastece a vizinhan\u00e7a o que a torna um centro atacadista de aliment\u00edcios, medicamentos e vestu\u00e1rio.<\/p>\n<p>Para homenagear a comunidade de moradores desta maravilhosa cidade, o <a href=\"https:\/\/www.encontrapernambuco.com.br\/\" target=\"_blank\" rel=\"noopener\">Encontra Pernambuco<\/a> criou o <a href=\"https:\/\/www.encontrapetrolina.com.br\/\">Encontra Petrolina<\/a>.<\/p>\n<p><ins class=\"adsbygoogle\" style=\"display: block;\" data-ad-format=\"autorelaxed\" data-ad-client=\"ca-pub-7321736592693252\" data-ad-slot=\"4604212074\"><\/ins><br \/>\n<script>\n     (adsbygoogle = window.adsbygoogle || []).push({});\n<\/script><\/p>\n\n<div style=\"font-size: 0px; height: 0px; line-height: 0px; margin: 0; padding: 0; clear: both;\"><\/div>","protected":false},"excerpt":{"rendered":"<p>Limites &#8211; Cidades Vizinhas Juazeiro, Sobradinho, Casa Nova (BA), Lagoa Grande e Afr\u00e2nio e Dormentes (PE). Dados Principais sobre Petrolina Anivers\u00e1rio: 21 de Setembro Funda\u00e7\u00e3o : 1870 Gent\u00edlico: Petrolinense \u00c1rea: 4 558,537 Km\u00b2 Popula\u00e7\u00e3o 299 751 hab. (2011) IDH 0,747 &#8211; m\u00e9dio Prefeitura Petrolina Bras\u00e3o de Petrolina Bandeira de Petrolina Mapa de Petrolina Hist\u00f3ria de Petrolina Petrolina \u00e9 uma cidade brasileira do estado de Pernambuco. Em conjunto com o vizinho munic\u00edpio de Juazeiro, na Bahia, forma o maior aglomerado urbano do semi\u00e1rido. Tem a segunda maior popula\u00e7\u00e3o e o maior PIB do interior de Pernambuco. Banhado pelo rio S\u00e3o Francisco, <\/p>\n","protected":false},"author":1,"featured_media":0,"parent":0,"menu_order":0,"comment_status":"closed","ping_status":"closed","template":"","meta":{"footnotes":""},"class_list":["post-508","page","type-page","status-publish","hentry"],"yoast_head":"<!-- This site is optimized with the Yoast SEO plugin v22.7 - https:\/\/yoast.com\/wordpress\/plugins\/seo\/ -->\n<title>Sobre Petrolina - Encontra Petrolina<\/title>\n<meta name=\"robots\" content=\"index, follow, max-snippet:-1, max-image-preview:large, max-video-preview:-1\" \/>\n<link rel=\"canonical\" href=\"https:\/\/www.encontrapetrolina.com.br\/sobre\/\" \/>\n<meta property=\"og:locale\" content=\"pt_BR\" \/>\n<meta property=\"og:type\" content=\"article\" \/>\n<meta property=\"og:title\" content=\"Sobre Petrolina - Encontra Petrolina\" \/>\n<meta property=\"og:description\" content=\"Limites &#8211; Cidades Vizinhas Juazeiro, Sobradinho, Casa Nova (BA), Lagoa Grande e Afr\u00e2nio e Dormentes (PE). Dados Principais sobre Petrolina Anivers\u00e1rio: 21 de Setembro Funda\u00e7\u00e3o : 1870 Gent\u00edlico: Petrolinense \u00c1rea: 4 558,537 Km\u00b2 Popula\u00e7\u00e3o 299 751 hab. (2011) IDH 0,747 &#8211; m\u00e9dio Prefeitura Petrolina Bras\u00e3o de Petrolina Bandeira de Petrolina Mapa de Petrolina Hist\u00f3ria de Petrolina Petrolina \u00e9 uma cidade brasileira do estado de Pernambuco. Em conjunto com o vizinho munic\u00edpio de Juazeiro, na Bahia, forma o maior aglomerado urbano do semi\u00e1rido. Tem a segunda maior popula\u00e7\u00e3o e o maior PIB do interior de Pernambuco. Banhado pelo rio S\u00e3o Francisco,\" \/>\n<meta property=\"og:url\" content=\"https:\/\/www.encontrapetrolina.com.br\/sobre\/\" \/>\n<meta property=\"og:site_name\" content=\"Encontra Petrolina\" \/>\n<meta property=\"article:modified_time\" content=\"2022-09-09T13:31:01+00:00\" \/>\n<meta property=\"og:image\" content=\"https:\/\/www.encontrapetrolina.com.br\/noticias\/wp-content\/uploads\/brasao-de-petrolina.jpg\" \/>\n<meta name=\"twitter:card\" content=\"summary_large_image\" \/>\n<meta name=\"twitter:label1\" content=\"Est. tempo de leitura\" \/>\n\t<meta name=\"twitter:data1\" content=\"7 minutos\" \/>\n<script type=\"application\/ld+json\" class=\"yoast-schema-graph\">{\"@context\":\"https:\/\/schema.org\",\"@graph\":[{\"@type\":\"WebPage\",\"@id\":\"https:\/\/www.encontrapetrolina.com.br\/sobre\/\",\"url\":\"https:\/\/www.encontrapetrolina.com.br\/sobre\/\",\"name\":\"Sobre Petrolina - Encontra Petrolina\",\"isPartOf\":{\"@id\":\"https:\/\/www.encontrapetrolina.com.br\/sobre\/#website\"},\"primaryImageOfPage\":{\"@id\":\"https:\/\/www.encontrapetrolina.com.br\/sobre\/#primaryimage\"},\"image\":{\"@id\":\"https:\/\/www.encontrapetrolina.com.br\/sobre\/#primaryimage\"},\"thumbnailUrl\":\"https:\/\/www.encontrapetrolina.com.br\/noticias\/wp-content\/uploads\/brasao-de-petrolina.jpg\",\"datePublished\":\"2021-09-03T17:26:04+00:00\",\"dateModified\":\"2022-09-09T13:31:01+00:00\",\"breadcrumb\":{\"@id\":\"https:\/\/www.encontrapetrolina.com.br\/sobre\/#breadcrumb\"},\"inLanguage\":\"pt-BR\",\"potentialAction\":[{\"@type\":\"ReadAction\",\"target\":[\"https:\/\/www.encontrapetrolina.com.br\/sobre\/\"]}]},{\"@type\":\"ImageObject\",\"inLanguage\":\"pt-BR\",\"@id\":\"https:\/\/www.encontrapetrolina.com.br\/sobre\/#primaryimage\",\"url\":\"https:\/\/www.encontrapetrolina.com.br\/noticias\/wp-content\/uploads\/brasao-de-petrolina.jpg\",\"contentUrl\":\"https:\/\/www.encontrapetrolina.com.br\/noticias\/wp-content\/uploads\/brasao-de-petrolina.jpg\"},{\"@type\":\"BreadcrumbList\",\"@id\":\"https:\/\/www.encontrapetrolina.com.br\/sobre\/#breadcrumb\",\"itemListElement\":[{\"@type\":\"ListItem\",\"position\":1,\"name\":\"In\u00edcio\",\"item\":\"https:\/\/www.encontrapetrolina.com.br\/sobre\/\"},{\"@type\":\"ListItem\",\"position\":2,\"name\":\"Sobre Petrolina\"}]},{\"@type\":\"WebSite\",\"@id\":\"https:\/\/www.encontrapetrolina.com.br\/sobre\/#website\",\"url\":\"https:\/\/www.encontrapetrolina.com.br\/sobre\/\",\"name\":\"Encontra Petrolina\",\"description\":\"Not\u00edcias, eventos, informa\u00e7\u00f5es e dicas da cidade de Petrolina e regi\u00e3o\",\"potentialAction\":[{\"@type\":\"SearchAction\",\"target\":{\"@type\":\"EntryPoint\",\"urlTemplate\":\"https:\/\/www.encontrapetrolina.com.br\/sobre\/?s={search_term_string}\"},\"query-input\":\"required name=search_term_string\"}],\"inLanguage\":\"pt-BR\"}]}<\/script>\n<!-- \/ Yoast SEO plugin. -->","yoast_head_json":{"title":"Sobre Petrolina - Encontra Petrolina","robots":{"index":"index","follow":"follow","max-snippet":"max-snippet:-1","max-image-preview":"max-image-preview:large","max-video-preview":"max-video-preview:-1"},"canonical":"https:\/\/www.encontrapetrolina.com.br\/sobre\/","og_locale":"pt_BR","og_type":"article","og_title":"Sobre Petrolina - Encontra Petrolina","og_description":"Limites &#8211; Cidades Vizinhas Juazeiro, Sobradinho, Casa Nova (BA), Lagoa Grande e Afr\u00e2nio e Dormentes (PE). Dados Principais sobre Petrolina Anivers\u00e1rio: 21 de Setembro Funda\u00e7\u00e3o : 1870 Gent\u00edlico: Petrolinense \u00c1rea: 4 558,537 Km\u00b2 Popula\u00e7\u00e3o 299 751 hab. (2011) IDH 0,747 &#8211; m\u00e9dio Prefeitura Petrolina Bras\u00e3o de Petrolina Bandeira de Petrolina Mapa de Petrolina Hist\u00f3ria de Petrolina Petrolina \u00e9 uma cidade brasileira do estado de Pernambuco. Em conjunto com o vizinho munic\u00edpio de Juazeiro, na Bahia, forma o maior aglomerado urbano do semi\u00e1rido. Tem a segunda maior popula\u00e7\u00e3o e o maior PIB do interior de Pernambuco. Banhado pelo rio S\u00e3o Francisco,","og_url":"https:\/\/www.encontrapetrolina.com.br\/sobre\/","og_site_name":"Encontra Petrolina","article_modified_time":"2022-09-09T13:31:01+00:00","og_image":[{"url":"https:\/\/www.encontrapetrolina.com.br\/noticias\/wp-content\/uploads\/brasao-de-petrolina.jpg"}],"twitter_card":"summary_large_image","twitter_misc":{"Est. tempo de leitura":"7 minutos"},"schema":{"@context":"https:\/\/schema.org","@graph":[{"@type":"WebPage","@id":"https:\/\/www.encontrapetrolina.com.br\/sobre\/","url":"https:\/\/www.encontrapetrolina.com.br\/sobre\/","name":"Sobre Petrolina - Encontra Petrolina","isPartOf":{"@id":"https:\/\/www.encontrapetrolina.com.br\/sobre\/#website"},"primaryImageOfPage":{"@id":"https:\/\/www.encontrapetrolina.com.br\/sobre\/#primaryimage"},"image":{"@id":"https:\/\/www.encontrapetrolina.com.br\/sobre\/#primaryimage"},"thumbnailUrl":"https:\/\/www.encontrapetrolina.com.br\/noticias\/wp-content\/uploads\/brasao-de-petrolina.jpg","datePublished":"2021-09-03T17:26:04+00:00","dateModified":"2022-09-09T13:31:01+00:00","breadcrumb":{"@id":"https:\/\/www.encontrapetrolina.com.br\/sobre\/#breadcrumb"},"inLanguage":"pt-BR","potentialAction":[{"@type":"ReadAction","target":["https:\/\/www.encontrapetrolina.com.br\/sobre\/"]}]},{"@type":"ImageObject","inLanguage":"pt-BR","@id":"https:\/\/www.encontrapetrolina.com.br\/sobre\/#primaryimage","url":"https:\/\/www.encontrapetrolina.com.br\/noticias\/wp-content\/uploads\/brasao-de-petrolina.jpg","contentUrl":"https:\/\/www.encontrapetrolina.com.br\/noticias\/wp-content\/uploads\/brasao-de-petrolina.jpg"},{"@type":"BreadcrumbList","@id":"https:\/\/www.encontrapetrolina.com.br\/sobre\/#breadcrumb","itemListElement":[{"@type":"ListItem","position":1,"name":"In\u00edcio","item":"https:\/\/www.encontrapetrolina.com.br\/sobre\/"},{"@type":"ListItem","position":2,"name":"Sobre Petrolina"}]},{"@type":"WebSite","@id":"https:\/\/www.encontrapetrolina.com.br\/sobre\/#website","url":"https:\/\/www.encontrapetrolina.com.br\/sobre\/","name":"Encontra Petrolina","description":"Not\u00edcias, eventos, informa\u00e7\u00f5es e dicas da cidade de Petrolina e regi\u00e3o","potentialAction":[{"@type":"SearchAction","target":{"@type":"EntryPoint","urlTemplate":"https:\/\/www.encontrapetrolina.com.br\/sobre\/?s={search_term_string}"},"query-input":"required name=search_term_string"}],"inLanguage":"pt-BR"}]}},"_links":{"self":[{"href":"https:\/\/www.encontrapetrolina.com.br\/sobre\/wp-json\/wp\/v2\/pages\/508","targetHints":{"allow":["GET"]}}],"collection":[{"href":"https:\/\/www.encontrapetrolina.com.br\/sobre\/wp-json\/wp\/v2\/pages"}],"about":[{"href":"https:\/\/www.encontrapetrolina.com.br\/sobre\/wp-json\/wp\/v2\/types\/page"}],"author":[{"embeddable":true,"href":"https:\/\/www.encontrapetrolina.com.br\/sobre\/wp-json\/wp\/v2\/users\/1"}],"replies":[{"embeddable":true,"href":"https:\/\/www.encontrapetrolina.com.br\/sobre\/wp-json\/wp\/v2\/comments?post=508"}],"version-history":[{"count":25,"href":"https:\/\/www.encontrapetrolina.com.br\/sobre\/wp-json\/wp\/v2\/pages\/508\/revisions"}],"predecessor-version":[{"id":911,"href":"https:\/\/www.encontrapetrolina.com.br\/sobre\/wp-json\/wp\/v2\/pages\/508\/revisions\/911"}],"wp:attachment":[{"href":"https:\/\/www.encontrapetrolina.com.br\/sobre\/wp-json\/wp\/v2\/media?parent=508"}],"curies":[{"name":"wp","href":"https:\/\/api.w.org\/{rel}","templated":true}]}}